{"id":219,"date":"2024-06-24T21:00:04","date_gmt":"2024-06-24T21:00:04","guid":{"rendered":"https:\/\/tdahmallorca.org\/services\/"},"modified":"2026-04-28T10:09:11","modified_gmt":"2026-04-28T10:09:11","slug":"servicios","status":"publish","type":"page","link":"https:\/\/tdahmallorca.org\/ca\/servicios\/","title":{"rendered":"Serveis"},"content":{"rendered":"<div class=\"wp-block-uagb-container uagb-layout-flex uagb-block-f6474934 alignfull uagb-is-root-container\"><div class=\"uagb-container-inner-blocks-wrap\">\n<div class=\"wp-block-uagb-advanced-heading uagb-block-b47deef7\"><h1 class=\"uagb-heading-text\">Serveis<\/h1><\/div>\n<\/div><\/div>\n\n\n\n<div class=\"wp-block-uagb-container uagb-block-92758601 alignfull uagb-is-root-container\"><div class=\"uagb-container-inner-blocks-wrap\">\n<div class=\"wp-block-uagb-container uagb-block-8ed2340c\">\n<div class=\"wp-block-uagb-info-box uagb-block-83f3c3f0 uagb-infobox__content-wrap  uagb-infobox-icon-above-title uagb-infobox-image-valign-top\"><div class=\"uagb-ifb-content\"><div class=\"uagb-ifb-title-wrap\"><h2 class=\"uagb-ifb-title\">Assessorament personalitzat<\/h2><\/div><p class=\"uagb-ifb-desc\">Entenem les dificultats que el TDAH comporta tant per a aquells que el pateixen com per al seu entorn m\u00e9s proper. Cada cas \u00e9s \u00fanic i requereix un enfocament personalitzat. \u00c9s crucial considerar els aspectes emocionals, comportamentals i les implicacions acad\u00e8miques i laborals. Per aquesta ra\u00f3, hem decidit oferir un servei d\u2019assessorament per resoldre qualsevol pregunta que puguin tenir i ajudar-los a prendre decisions informades.<br>Nuestro servicio incluye informaci\u00f3n sobre las diferentes alternativas asistenciales, que abordajes con eficacia probada existen, as\u00ed como orientaci\u00f3n educativa para padres y estudiantes sobre t\u00e9cnicas de estudio y adaptaciones escolares.<\/p><div class=\"uagb-ifb-button-wrapper wp-block-button\"><a href=\"https:\/\/tdahmallorca.org\/ca\/contacto\/\" class=\"uagb-infobox-cta-link wp-block-button__link\" target=\"_self\" rel=\"noopener noreferrer\" onclick=\"return true;\"><span class=\"uagb-inline-editing\">Contacte<\/span><\/a><\/div><\/div><\/div>\n<\/div>\n\n\n\n<div class=\"wp-block-uagb-image uagb-block-704d8fd3 wp-block-uagb-image--layout-default wp-block-uagb-image--effect-static wp-block-uagb-image--align-none\"><figure class=\"wp-block-uagb-image__figure\"><img decoding=\"async\" srcset=\"https:\/\/tdahmallorca.org\/wp-content\/uploads\/2024\/07\/pexels-photo-5699418-5699418-1024x626.jpg ,https:\/\/tdahmallorca.org\/wp-content\/uploads\/2024\/07\/pexels-photo-5699418-5699418.jpg 780w, https:\/\/tdahmallorca.org\/wp-content\/uploads\/2024\/07\/pexels-photo-5699418-5699418.jpg 360w\" sizes=\"auto, (max-width: 480px) 150px\" src=\"https:\/\/tdahmallorca.org\/wp-content\/uploads\/2024\/07\/pexels-photo-5699418-5699418-1024x626.jpg\" alt=\"pexels-photo-5699418-5699418.jpg\" class=\"uag-image-1900\" width=\"570\" height=\"380\" title=\"pexels-photo-5699418-5699418\" loading=\"lazy\" role=\"img\"\/><\/figure><\/div>\n<\/div><\/div>\n\n\n\n<div class=\"wp-block-uagb-container uagb-block-0fa8dc87 alignfull uagb-is-root-container\"><div class=\"uagb-container-inner-blocks-wrap\">\n<div class=\"wp-block-uagb-image uagb-block-95ad5af2 wp-block-uagb-image--layout-default wp-block-uagb-image--effect-static wp-block-uagb-image--align-none\"><figure class=\"wp-block-uagb-image__figure\"><img decoding=\"async\" srcset=\"https:\/\/tdahmallorca.org\/wp-content\/uploads\/2024\/07\/ge69c3877b8f90761f05dfdd0430108429ab23bdba2bab70200aefa623b32df5410832eefd53b83f82ec3888717ee34e87107c1f4f1ea54929f31102bb964fbde_1280-2816353-1024x682.jpg ,https:\/\/tdahmallorca.org\/wp-content\/uploads\/2024\/07\/ge69c3877b8f90761f05dfdd0430108429ab23bdba2bab70200aefa623b32df5410832eefd53b83f82ec3888717ee34e87107c1f4f1ea54929f31102bb964fbde_1280-2816353.jpg 780w, https:\/\/tdahmallorca.org\/wp-content\/uploads\/2024\/07\/ge69c3877b8f90761f05dfdd0430108429ab23bdba2bab70200aefa623b32df5410832eefd53b83f82ec3888717ee34e87107c1f4f1ea54929f31102bb964fbde_1280-2816353.jpg 360w\" sizes=\"auto, (max-width: 480px) 150px\" src=\"https:\/\/tdahmallorca.org\/wp-content\/uploads\/2024\/07\/ge69c3877b8f90761f05dfdd0430108429ab23bdba2bab70200aefa623b32df5410832eefd53b83f82ec3888717ee34e87107c1f4f1ea54929f31102bb964fbde_1280-2816353-1024x682.jpg\" alt=\"ge69c3877b8f90761f05dfdd0430108429ab23bdba2bab70200aefa623b32df5410832eefd53b83f82ec3888717ee34e87107c1f4f1ea54929f31102bb964fbde_1280-2816353.jpg\" class=\"uag-image-1898\" width=\"570\" height=\"380\" title=\"ge69c3877b8f90761f05dfdd0430108429ab23bdba2bab70200aefa623b32df5410832eefd53b83f82ec3888717ee34e87107c1f4f1ea54929f31102bb964fbde_1280-2816353\" loading=\"lazy\" role=\"img\"\/><\/figure><\/div>\n\n\n\n<div class=\"wp-block-uagb-container uagb-block-273f62cc\">\n<div class=\"wp-block-uagb-info-box uagb-block-f179cbd3 uagb-infobox__content-wrap  uagb-infobox-icon-above-title uagb-infobox-image-valign-top\"><div class=\"uagb-ifb-content\"><div class=\"uagb-ifb-title-wrap\"><h2 class=\"uagb-ifb-title\">Confer\u00e8ncies i tallers<\/h2><\/div><p class=\"uagb-ifb-desc\">Realitzem xerrades i tallers sobre el TDAH i temes relacionats, dirigits a pacients, fam\u00edlies, professors i professionals del sector. Els nostres tallers pr\u00e0ctics estan dissenyats per enfortir habilitats clau com la gesti\u00f3 del temps, l\u2019organitzaci\u00f3 i altres estrat\u00e8gies efectives per a la gesti\u00f3 del TDAH en el dia a dia. A m\u00e9s, oferim seminaris dirigits a educadors interessats a adaptar els seus m\u00e8todes pedag\u00f2gics per donar suport de manera efectiva a estudiants amb TDAH en l\u2019entorn escolar.<br>\u00c9s important recalcar que estem sempre oberts a col\u00b7laborar i organitzar diverses activitats en conjunt amb organitzacions, escoles i pares que desitgin aprofundir en l\u2019enteniment i gesti\u00f3 del TDAH.<\/p><div class=\"uagb-ifb-button-wrapper wp-block-button\"><a href=\"https:\/\/tdahmallorca.org\/ca\/contacto\/\" class=\"uagb-infobox-cta-link wp-block-button__link\" target=\"_self\" rel=\"noopener noreferrer\" onclick=\"return true;\"><span class=\"uagb-inline-editing\">Contacte<\/span><\/a><\/div><\/div><\/div>\n<\/div>\n<\/div><\/div>\n\n\n\n<div class=\"wp-block-uagb-container uagb-block-a3c85d3f alignfull uagb-is-root-container\"><div class=\"uagb-container-inner-blocks-wrap\">\n<div class=\"wp-block-uagb-container uagb-block-4502a8bd\">\n<div class=\"wp-block-uagb-info-box uagb-block-109f07e7 uagb-infobox__content-wrap  uagb-infobox-icon-above-title uagb-infobox-image-valign-top\"><div class=\"uagb-ifb-content\"><div class=\"uagb-ifb-title-wrap\"><h2 class=\"uagb-ifb-title\">Grups de suport<\/h2><\/div><p class=\"uagb-ifb-desc\">Organitzem reunions peri\u00f2diques per a pares on poden compartir experi\u00e8ncies i estrat\u00e8gies de crian\u00e7a per donar suport als seus fills amb TDAH. <br>Tamb\u00e9 facilitem trobades per a adults amb TDAH, on poden intercanviar consells pr\u00e0ctics i oferir-se suport mutu en un ambient comprensiu i segur. <br>A m\u00e9s, promovem activitats dirigides a joves amb TDAH per enfortir la seva autoestima i habilitats socials, fomentant un ambient de suport entre iguals. <br>Estem compromesos a proporcionar un espai on cada grup trobi el suport necessari per afrontar els reptes del TDAH i millorar la seva qualitat de vida.<\/p><div class=\"uagb-ifb-button-wrapper wp-block-button\"><a href=\"https:\/\/tdahmallorca.org\/ca\/contacto\/\" class=\"uagb-infobox-cta-link wp-block-button__link\" target=\"_self\" rel=\"noopener noreferrer\" onclick=\"return true;\"><span class=\"uagb-inline-editing\">Contacte<\/span><\/a><\/div><\/div><\/div>\n<\/div>\n\n\n\n<div class=\"wp-block-uagb-image uagb-block-18897b0b wp-block-uagb-image--layout-default wp-block-uagb-image--effect-static wp-block-uagb-image--align-none\"><figure class=\"wp-block-uagb-image__figure\"><img decoding=\"async\" srcset=\"https:\/\/tdahmallorca.org\/wp-content\/uploads\/2024\/06\/pexels-photo-7176305-7176305-1024x682.jpg ,https:\/\/tdahmallorca.org\/wp-content\/uploads\/2024\/06\/pexels-photo-7176305-7176305.jpg 780w, https:\/\/tdahmallorca.org\/wp-content\/uploads\/2024\/06\/pexels-photo-7176305-7176305.jpg 360w\" sizes=\"auto, (max-width: 480px) 150px\" src=\"https:\/\/tdahmallorca.org\/wp-content\/uploads\/2024\/06\/pexels-photo-7176305-7176305-1024x682.jpg\" alt=\"pexels-photo-7176305-7176305.jpg\" class=\"uag-image-1755\" width=\"1024\" height=\"682\" title=\"pexels-photo-7176305-7176305\" loading=\"lazy\" role=\"img\"\/><\/figure><\/div>\n<\/div><\/div>\n\n\n<div class=\"wp-block-uagb-faq uagb-faq__outer-wrap uagb-block-7ca0193a uagb-faq-icon-row uagb-faq-layout-accordion uagb-faq-expand-first-true uagb-faq-inactive-other-true uagb-faq__wrap uagb-buttons-layout-wrap uagb-faq-equal-height\" data-faqtoggle=\"true\" role=\"tablist\"><div class=\"wp-block-uagb-faq-child uagb-faq-child__outer-wrap uagb-faq-item uagb-block-f9e54e82\" role=\"tab\" tabindex=\"0\"><div class=\"uagb-faq-questions-button uagb-faq-questions\">\t\t\t<span class=\"uagb-icon uagb-faq-icon-wrap\">\n\t\t\t\t\t\t\t\t<svg xmlns=\"https:\/\/www.w3.org\/2000\/svg\" viewbox= \"0 0 448 512\"><path d=\"M432 256c0 17.69-14.33 32.01-32 32.01H256v144c0 17.69-14.33 31.99-32 31.99s-32-14.3-32-31.99v-144H48c-17.67 0-32-14.32-32-32.01s14.33-31.99 32-31.99H192v-144c0-17.69 14.33-32.01 32-32.01s32 14.32 32 32.01v144h144C417.7 224 432 238.3 432 256z\"><\/path><\/svg>\n\t\t\t\t\t\t\t<\/span>\n\t\t\t\t\t\t<span class=\"uagb-icon-active uagb-faq-icon-wrap\">\n\t\t\t\t\t\t\t\t<svg xmlns=\"https:\/\/www.w3.org\/2000\/svg\" viewbox= \"0 0 448 512\"><path d=\"M400 288h-352c-17.69 0-32-14.32-32-32.01s14.31-31.99 32-31.99h352c17.69 0 32 14.3 32 31.99S417.7 288 400 288z\"><\/path><\/svg>\n\t\t\t\t\t\t\t<\/span>\n\t\t\t<span class=\"uagb-question\">What is FAQ?<\/span><\/div><div class=\"uagb-faq-content\"><p>Lorem ipsum dolor sit amet, consectetur adipiscing elit, sed do eiusmod tempor incididunt ut labore et dolore magna aliqua. Ut enim ad minim veniam, quis nostrud exercitation ullamco laboris nisi ut aliquip ex ea commodo consequat.<\/p><\/div><\/div><div class=\"wp-block-uagb-faq-child uagb-faq-child__outer-wrap uagb-faq-item uagb-block-f4397adb\" role=\"tab\" tabindex=\"0\"><div class=\"uagb-faq-questions-button uagb-faq-questions\">\t\t\t<span class=\"uagb-icon uagb-faq-icon-wrap\">\n\t\t\t\t\t\t\t\t<svg xmlns=\"https:\/\/www.w3.org\/2000\/svg\" viewbox= \"0 0 448 512\"><path d=\"M432 256c0 17.69-14.33 32.01-32 32.01H256v144c0 17.69-14.33 31.99-32 31.99s-32-14.3-32-31.99v-144H48c-17.67 0-32-14.32-32-32.01s14.33-31.99 32-31.99H192v-144c0-17.69 14.33-32.01 32-32.01s32 14.32 32 32.01v144h144C417.7 224 432 238.3 432 256z\"><\/path><\/svg>\n\t\t\t\t\t\t\t<\/span>\n\t\t\t\t\t\t<span class=\"uagb-icon-active uagb-faq-icon-wrap\">\n\t\t\t\t\t\t\t\t<svg xmlns=\"https:\/\/www.w3.org\/2000\/svg\" viewbox= \"0 0 448 512\"><path d=\"M400 288h-352c-17.69 0-32-14.32-32-32.01s14.31-31.99 32-31.99h352c17.69 0 32 14.3 32 31.99S417.7 288 400 288z\"><\/path><\/svg>\n\t\t\t\t\t\t\t<\/span>\n\t\t\t<span class=\"uagb-question\">What is FAQ?<\/span><\/div><div class=\"uagb-faq-content\"><p>Lorem ipsum dolor sit amet, consectetur adipiscing elit, sed do eiusmod tempor incididunt ut labore et dolore magna aliqua. Ut enim ad minim veniam, quis nostrud exercitation ullamco laboris nisi ut aliquip ex ea commodo consequat.<\/p><\/div><\/div><\/div>\n\n<div class=\"wp-block-uagb-faq uagb-faq__outer-wrap uagb-block-84a30f6f uagb-faq-icon-row uagb-faq-layout-accordion uagb-faq-expand-first-true uagb-faq-inactive-other-true uagb-faq__wrap uagb-buttons-layout-wrap uagb-faq-equal-height\" data-faqtoggle=\"true\" role=\"tablist\"><div class=\"wp-block-uagb-faq-child uagb-faq-child__outer-wrap uagb-faq-item uagb-block-7fa72b4f\" role=\"tab\" tabindex=\"0\"><div class=\"uagb-faq-questions-button uagb-faq-questions\">\t\t\t<span class=\"uagb-icon uagb-faq-icon-wrap\">\n\t\t\t\t\t\t\t\t<svg xmlns=\"https:\/\/www.w3.org\/2000\/svg\" viewbox= \"0 0 448 512\"><path d=\"M432 256c0 17.69-14.33 32.01-32 32.01H256v144c0 17.69-14.33 31.99-32 31.99s-32-14.3-32-31.99v-144H48c-17.67 0-32-14.32-32-32.01s14.33-31.99 32-31.99H192v-144c0-17.69 14.33-32.01 32-32.01s32 14.32 32 32.01v144h144C417.7 224 432 238.3 432 256z\"><\/path><\/svg>\n\t\t\t\t\t\t\t<\/span>\n\t\t\t\t\t\t<span class=\"uagb-icon-active uagb-faq-icon-wrap\">\n\t\t\t\t\t\t\t\t<svg xmlns=\"https:\/\/www.w3.org\/2000\/svg\" viewbox= \"0 0 448 512\"><path d=\"M400 288h-352c-17.69 0-32-14.32-32-32.01s14.31-31.99 32-31.99h352c17.69 0 32 14.3 32 31.99S417.7 288 400 288z\"><\/path><\/svg>\n\t\t\t\t\t\t\t<\/span>\n\t\t\t<span class=\"uagb-question\">What is FAQ?<\/span><\/div><div class=\"uagb-faq-content\"><p>Lorem ipsum dolor sit amet, consectetur adipiscing elit, sed do eiusmod tempor incididunt ut labore et dolore magna aliqua. Ut enim ad minim veniam, quis nostrud exercitation ullamco laboris nisi ut aliquip ex ea commodo consequat.<\/p><\/div><\/div><div class=\"wp-block-uagb-faq-child uagb-faq-child__outer-wrap uagb-faq-item uagb-block-26684ec1\" role=\"tab\" tabindex=\"0\"><div class=\"uagb-faq-questions-button uagb-faq-questions\">\t\t\t<span class=\"uagb-icon uagb-faq-icon-wrap\">\n\t\t\t\t\t\t\t\t<svg xmlns=\"https:\/\/www.w3.org\/2000\/svg\" viewbox= \"0 0 448 512\"><path d=\"M432 256c0 17.69-14.33 32.01-32 32.01H256v144c0 17.69-14.33 31.99-32 31.99s-32-14.3-32-31.99v-144H48c-17.67 0-32-14.32-32-32.01s14.33-31.99 32-31.99H192v-144c0-17.69 14.33-32.01 32-32.01s32 14.32 32 32.01v144h144C417.7 224 432 238.3 432 256z\"><\/path><\/svg>\n\t\t\t\t\t\t\t<\/span>\n\t\t\t\t\t\t<span class=\"uagb-icon-active uagb-faq-icon-wrap\">\n\t\t\t\t\t\t\t\t<svg xmlns=\"https:\/\/www.w3.org\/2000\/svg\" viewbox= \"0 0 448 512\"><path d=\"M400 288h-352c-17.69 0-32-14.32-32-32.01s14.31-31.99 32-31.99h352c17.69 0 32 14.3 32 31.99S417.7 288 400 288z\"><\/path><\/svg>\n\t\t\t\t\t\t\t<\/span>\n\t\t\t<span class=\"uagb-question\">What is FAQ?<\/span><\/div><div class=\"uagb-faq-content\"><p>Lorem ipsum dolor sit amet, consectetur adipiscing elit, sed do eiusmod tempor incididunt ut labore et dolore magna aliqua. Ut enim ad minim veniam, quis nostrud exercitation ullamco laboris nisi ut aliquip ex ea commodo consequat.<\/p><\/div><\/div><\/div>\n\n\n<p><\/p>","protected":false},"excerpt":{"rendered":"<p>Serveis<\/p>","protected":false},"author":1,"featured_media":0,"parent":0,"menu_order":0,"comment_status":"closed","ping_status":"closed","template":"","meta":{"_uag_custom_page_level_css":"","site-sidebar-layout":"no-sidebar","site-content-layout":"plain-container","ast-site-content-layout":"full-width-container","site-content-style":"unboxed","site-sidebar-style":"unboxed","ast-global-header-display":"","ast-banner-title-visibility":"","ast-main-header-display":"","ast-hfb-above-header-display":"","ast-hfb-below-header-display":"","ast-hfb-mobile-header-display":"","site-post-title":"disabled","ast-breadcrumbs-content":"","ast-featured-img":"disabled","footer-sml-layout":"","theme-transparent-header-meta":"enabled","adv-header-id-meta":"","stick-header-meta":"","header-above-stick-meta":"","header-main-stick-meta":"","header-below-stick-meta":"","astra-migrate-meta-layouts":"set","ast-page-background-enabled":"default","ast-page-background-meta":{"desktop":{"background-color":"","background-image":"","background-repeat":"repeat","background-position":"center center","background-size":"auto","background-attachment":"scroll","background-type":"","background-media":"","overlay-type":"","overlay-color":"","overlay-opacity":"","overlay-gradient":""},"tablet":{"background-color":"","background-image":"","background-repeat":"repeat","background-position":"center center","background-size":"auto","background-attachment":"scroll","background-type":"","background-media":"","overlay-type":"","overlay-color":"","overlay-opacity":"","overlay-gradient":""},"mobile":{"background-color":"","background-image":"","background-repeat":"repeat","background-position":"center center","background-size":"auto","background-attachment":"scroll","background-type":"","background-media":"","overlay-type":"","overlay-color":"","overlay-opacity":"","overlay-gradient":""}},"ast-content-background-meta":{"desktop":{"background-color":"var(--ast-global-color-5)","background-image":"","background-repeat":"repeat","background-position":"center center","background-size":"auto","background-attachment":"scroll","background-type":"","background-media":"","overlay-type":"","overlay-color":"","overlay-opacity":"","overlay-gradient":""},"tablet":{"background-color":"var(--ast-global-color-5)","background-image":"","background-repeat":"repeat","background-position":"center center","background-size":"auto","background-attachment":"scroll","background-type":"","background-media":"","overlay-type":"","overlay-color":"","overlay-opacity":"","overlay-gradient":""},"mobile":{"background-color":"var(--ast-global-color-5)","background-image":"","background-repeat":"repeat","background-position":"center center","background-size":"auto","background-attachment":"scroll","background-type":"","background-media":"","overlay-type":"","overlay-color":"","overlay-opacity":"","overlay-gradient":""}},"footnotes":""},"class_list":["post-219","page","type-page","status-publish","hentry"],"uagb_featured_image_src":{"full":false,"thumbnail":false,"medium":false,"medium_large":false,"large":false,"1536x1536":false,"2048x2048":false,"trp-custom-language-flag":false},"uagb_author_info":{"display_name":"miquelpuigserver94@gmail.com","author_link":"https:\/\/tdahmallorca.org\/ca\/author\/miquelpuigserver94gmail-com\/"},"uagb_comment_info":0,"uagb_excerpt":"Servicios","_links":{"self":[{"href":"https:\/\/tdahmallorca.org\/ca\/wp-json\/wp\/v2\/pages\/219","targetHints":{"allow":["GET"]}}],"collection":[{"href":"https:\/\/tdahmallorca.org\/ca\/wp-json\/wp\/v2\/pages"}],"about":[{"href":"https:\/\/tdahmallorca.org\/ca\/wp-json\/wp\/v2\/types\/page"}],"author":[{"embeddable":true,"href":"https:\/\/tdahmallorca.org\/ca\/wp-json\/wp\/v2\/users\/1"}],"replies":[{"embeddable":true,"href":"https:\/\/tdahmallorca.org\/ca\/wp-json\/wp\/v2\/comments?post=219"}],"version-history":[{"count":13,"href":"https:\/\/tdahmallorca.org\/ca\/wp-json\/wp\/v2\/pages\/219\/revisions"}],"predecessor-version":[{"id":2273,"href":"https:\/\/tdahmallorca.org\/ca\/wp-json\/wp\/v2\/pages\/219\/revisions\/2273"}],"wp:attachment":[{"href":"https:\/\/tdahmallorca.org\/ca\/wp-json\/wp\/v2\/media?parent=219"}],"curies":[{"name":"wp","href":"https:\/\/api.w.org\/{rel}","templated":true}]}}